{"id":10,"date":"2019-09-24T12:53:18","date_gmt":"2019-09-24T12:53:18","guid":{"rendered":"http:\/\/dawg2.wpshow.me\/?page_id=10"},"modified":"2023-10-11T10:55:37","modified_gmt":"2023-10-11T10:55:37","slug":"home-page","status":"publish","type":"page","link":"https:\/\/112fuertiere.org\/","title":{"rendered":"Home Page"},"content":{"rendered":"\t\t<div data-elementor-type=\"wp-post\" data-elementor-id=\"10\" class=\"elementor elementor-10\" data-elementor-settings=\"[]\">\n\t\t\t\t\t\t\t<div class=\"elementor-section-wrap\">\n\t\t\t\t\t\t\t<section class=\"elementor-section elementor-top-section elementor-element elementor-element-a68075f animated-fast elementor-section-boxed elementor-section-height-default elementor-section-height-default elementor-invisible\" data-id=\"a68075f\" data-element_type=\"section\" data-settings=\"{&quot;background_background&quot;:&quot;classic&quot;,&quot;shape_divider_bottom&quot;:&quot;tilt&quot;,&quot;animation&quot;:&quot;fadeIn&quot;}\">\n\t\t\t\t\t<div class=\"elementor-shape elementor-shape-bottom\" data-negative=\"false\">\n\t\t\t<svg xmlns=\"http:\/\/www.w3.org\/2000\/svg\" viewBox=\"0 0 1000 100\" preserveAspectRatio=\"none\">\n\t<path class=\"elementor-shape-fill\" d=\"M0,6V0h1000v100L0,6z\"\/>\n<\/svg>\t\t<\/div>\n\t\t\t\t\t<div class=\"elementor-container elementor-column-gap-no\">\n\t\t\t\t\t<div class=\"elementor-column elementor-col-100 elementor-top-column elementor-element elementor-element-5403d25b\" data-id=\"5403d25b\" data-element_type=\"column\">\n\t\t\t<div class=\"elementor-widget-wrap elementor-element-populated\">\n\t\t\t\t\t\t\t\t<div class=\"elementor-element elementor-element-379871b6 animated-fast elementor-invisible elementor-widget elementor-widget-heading\" data-id=\"379871b6\" data-element_type=\"widget\" data-settings=\"{&quot;_animation&quot;:&quot;fadeInUp&quot;,&quot;_animation_delay&quot;:100}\" data-widget_type=\"heading.default\">\n\t\t\t\t<div class=\"elementor-widget-container\">\n\t\t\t<h2 class=\"elementor-heading-title elementor-size-default\">Willkommen bei 112 F\u00fcr Tiere<\/h2>\t\t<\/div>\n\t\t\t\t<\/div>\n\t\t\t\t\t<\/div>\n\t\t<\/div>\n\t\t\t\t\t\t\t<\/div>\n\t\t<\/section>\n\t\t\t\t<section class=\"elementor-section elementor-top-section elementor-element elementor-element-635b12aa elementor-section-boxed elementor-section-height-default elementor-section-height-default\" data-id=\"635b12aa\" data-element_type=\"section\">\n\t\t\t\t\t\t<div class=\"elementor-container elementor-column-gap-no\">\n\t\t\t\t\t<div class=\"elementor-column elementor-col-100 elementor-top-column elementor-element elementor-element-14c5267c\" data-id=\"14c5267c\" data-element_type=\"column\">\n\t\t\t<div class=\"elementor-widget-wrap elementor-element-populated\">\n\t\t\t\t\t\t\t\t<div class=\"elementor-element elementor-element-1eae8090 animated-fast elementor-invisible elementor-widget elementor-widget-text-editor\" data-id=\"1eae8090\" data-element_type=\"widget\" data-settings=\"{&quot;_animation_delay&quot;:300,&quot;_animation&quot;:&quot;fadeInUp&quot;}\" data-widget_type=\"text-editor.default\">\n\t\t\t\t<div class=\"elementor-widget-container\">\n\t\t\t\t\t\t\t<p>Wir sind ein ehrenamtliches Tierheim, das sich f\u00fcr das Wohl der Stra\u00dfenhunde in Satu Mare, Rum\u00e4nien einsetzt. Bis jetzt haben wir schon viele Hunde vermitteln k\u00f6nnen, haupts\u00e4chlich nach Deutschland, \u00d6sterreich und Niederlande.<\/p><p>Bei uns werden alle Tiere tier\u00e4rztlich versorgt, gechippt, geimpft und verf\u00fcgen \u00fcber einen EU Heimtierausweis.<\/p><p>Das Wohl der Tiere steht f\u00fcr uns an erster Stelle, daher ist es uns wichtig, dass alle Tiere ein sch\u00f6nes Zuhause bekommen indem sie sich auch wohlf\u00fchlen.<\/p><p>Auch sind alle Tiere bei uns sterilisiert und kastriert!<\/p>\t\t\t\t\t\t<\/div>\n\t\t\t\t<\/div>\n\t\t\t\t<div class=\"elementor-element elementor-element-93a022c elementor-widget__width-auto animated-fast elementor-invisible elementor-widget elementor-widget-button\" data-id=\"93a022c\" data-element_type=\"widget\" data-settings=\"{&quot;_animation_delay&quot;:400,&quot;_animation&quot;:&quot;fadeInLeft&quot;}\" data-widget_type=\"button.default\">\n\t\t\t\t<div class=\"elementor-widget-container\">\n\t\t\t\t\t<div class=\"elementor-button-wrapper\">\n\t\t\t<a href=\"https:\/\/112fuertiere.org\/?page_id=7\" class=\"elementor-button-link elementor-button elementor-size-sm\" role=\"button\">\n\t\t\t\t\t\t<span class=\"elementor-button-content-wrapper\">\n\t\t\t\t\t\t<span class=\"elementor-button-text\">\u00dcber uns<\/span>\n\t\t<\/span>\n\t\t\t\t\t<\/a>\n\t\t<\/div>\n\t\t\t\t<\/div>\n\t\t\t\t<\/div>\n\t\t\t\t\t<\/div>\n\t\t<\/div>\n\t\t\t\t\t\t\t<\/div>\n\t\t<\/section>\n\t\t\t\t<section class=\"elementor-section elementor-top-section elementor-element elementor-element-4467314d elementor-section-boxed elementor-section-height-default elementor-section-height-default\" data-id=\"4467314d\" data-element_type=\"section\" data-settings=\"{&quot;background_background&quot;:&quot;classic&quot;}\">\n\t\t\t\t\t\t\t<div class=\"elementor-background-overlay\"><\/div>\n\t\t\t\t\t\t\t<div class=\"elementor-container elementor-column-gap-no\">\n\t\t\t\t\t<div class=\"elementor-column elementor-col-100 elementor-top-column elementor-element elementor-element-59b47788\" data-id=\"59b47788\" data-element_type=\"column\">\n\t\t\t<div class=\"elementor-widget-wrap elementor-element-populated\">\n\t\t\t\t\t\t\t\t<div class=\"elementor-element elementor-element-f649593 elementor-widget elementor-widget-heading\" data-id=\"f649593\" data-element_type=\"widget\" data-widget_type=\"heading.default\">\n\t\t\t\t<div class=\"elementor-widget-container\">\n\t\t\t<h3 class=\"elementor-heading-title elementor-size-default\">AKUTELLE HUNDE<\/h3>\t\t<\/div>\n\t\t\t\t<\/div>\n\t\t\t\t<section class=\"elementor-section elementor-inner-section elementor-element elementor-element-608648b2 elementor-section-boxed elementor-section-height-default elementor-section-height-default\" data-id=\"608648b2\" data-element_type=\"section\">\n\t\t\t\t\t\t<div class=\"elementor-container elementor-column-gap-default\">\n\t\t\t\t\t<div class=\"elementor-column elementor-col-33 elementor-inner-column elementor-element elementor-element-6e6fe34e animated-fast elementor-invisible\" data-id=\"6e6fe34e\" data-element_type=\"column\" data-settings=\"{&quot;animation&quot;:&quot;zoomIn&quot;}\">\n\t\t\t<div class=\"elementor-widget-wrap elementor-element-populated\">\n\t\t\t\t\t\t\t\t<div class=\"elementor-element elementor-element-7e421fd8 elementor-widget elementor-widget-shortcode\" data-id=\"7e421fd8\" data-element_type=\"widget\" data-widget_type=\"shortcode.default\">\n\t\t\t\t<div class=\"elementor-widget-container\">\n\t\t\t\t\t<div class=\"elementor-shortcode\"><article class=\"dawg-info-box elementor-post elementor-grid-item post- dawg type-dawg status-publish has-post-thumbnail hentry\">\r\n\t<div class=\"elementor-post__card\">\r\n\t\t<a class=\"elementor-post__thumbnail__link\" href=\"\">\r\n\t\t\t<div class=\"elementor-post__thumbnail\">\r\n\t\t\t\t<img src=\"\" class=\"attachment-full size-full\" alt=\"\">\r\n\t\t\t<\/div>\r\n\t\t\t<div class=\"elementor-post__text\">\r\n\t\t\t\t<span class=\"elementor-post__title\">, <\/span>\r\n\t\t\t\t<span class=\"dawg--sex\"><\/span>\r\n\t\t\t<\/div>\r\n\t\t<\/a>\r\n\t<\/div>\r\n<\/article><\/div>\n\t\t\t\t<\/div>\n\t\t\t\t<\/div>\n\t\t\t\t\t<\/div>\n\t\t<\/div>\n\t\t\t\t<div class=\"elementor-column elementor-col-33 elementor-inner-column elementor-element elementor-element-744bda17 animated-fast elementor-invisible\" data-id=\"744bda17\" data-element_type=\"column\" data-settings=\"{&quot;animation&quot;:&quot;zoomIn&quot;,&quot;animation_delay&quot;:400}\">\n\t\t\t<div class=\"elementor-widget-wrap elementor-element-populated\">\n\t\t\t\t\t\t\t\t<div class=\"elementor-element elementor-element-37568831 elementor-widget elementor-widget-shortcode\" data-id=\"37568831\" data-element_type=\"widget\" data-widget_type=\"shortcode.default\">\n\t\t\t\t<div class=\"elementor-widget-container\">\n\t\t\t\t\t<div class=\"elementor-shortcode\"><article class=\"dawg-info-box elementor-post elementor-grid-item post- dawg type-dawg status-publish has-post-thumbnail hentry\">\r\n\t<div class=\"elementor-post__card\">\r\n\t\t<a class=\"elementor-post__thumbnail__link\" href=\"\">\r\n\t\t\t<div class=\"elementor-post__thumbnail\">\r\n\t\t\t\t<img src=\"\" class=\"attachment-full size-full\" alt=\"\">\r\n\t\t\t<\/div>\r\n\t\t\t<div class=\"elementor-post__text\">\r\n\t\t\t\t<span class=\"elementor-post__title\">, <\/span>\r\n\t\t\t\t<span class=\"dawg--sex\"><\/span>\r\n\t\t\t<\/div>\r\n\t\t<\/a>\r\n\t<\/div>\r\n<\/article><\/div>\n\t\t\t\t<\/div>\n\t\t\t\t<\/div>\n\t\t\t\t\t<\/div>\n\t\t<\/div>\n\t\t\t\t<div class=\"elementor-column elementor-col-33 elementor-inner-column elementor-element elementor-element-17c7e243 animated-fast elementor-invisible\" data-id=\"17c7e243\" data-element_type=\"column\" data-settings=\"{&quot;animation&quot;:&quot;zoomIn&quot;,&quot;animation_delay&quot;:200}\">\n\t\t\t<div class=\"elementor-widget-wrap elementor-element-populated\">\n\t\t\t\t\t\t\t\t<div class=\"elementor-element elementor-element-702cde2c elementor-widget elementor-widget-shortcode\" data-id=\"702cde2c\" data-element_type=\"widget\" data-widget_type=\"shortcode.default\">\n\t\t\t\t<div class=\"elementor-widget-container\">\n\t\t\t\t\t<div class=\"elementor-shortcode\"><article class=\"dawg-info-box elementor-post elementor-grid-item post- dawg type-dawg status-publish has-post-thumbnail hentry\">\r\n\t<div class=\"elementor-post__card\">\r\n\t\t<a class=\"elementor-post__thumbnail__link\" href=\"\">\r\n\t\t\t<div class=\"elementor-post__thumbnail\">\r\n\t\t\t\t<img src=\"\" class=\"attachment-full size-full\" alt=\"\">\r\n\t\t\t<\/div>\r\n\t\t\t<div class=\"elementor-post__text\">\r\n\t\t\t\t<span class=\"elementor-post__title\">, <\/span>\r\n\t\t\t\t<span class=\"dawg--sex\"><\/span>\r\n\t\t\t<\/div>\r\n\t\t<\/a>\r\n\t<\/div>\r\n<\/article><\/div>\n\t\t\t\t<\/div>\n\t\t\t\t<\/div>\n\t\t\t\t<div class=\"elementor-element elementor-element-68bd087d elementor-widget elementor-widget-shortcode\" data-id=\"68bd087d\" data-element_type=\"widget\" data-widget_type=\"shortcode.default\">\n\t\t\t\t<div class=\"elementor-widget-container\">\n\t\t\t\t\t<div class=\"elementor-shortcode\"><article class=\"dawg-info-box elementor-post elementor-grid-item post- dawg type-dawg status-publish has-post-thumbnail hentry\">\r\n\t<div class=\"elementor-post__card\">\r\n\t\t<a class=\"elementor-post__thumbnail__link\" href=\"\">\r\n\t\t\t<div class=\"elementor-post__thumbnail\">\r\n\t\t\t\t<img src=\"\" class=\"attachment-full size-full\" alt=\"\">\r\n\t\t\t<\/div>\r\n\t\t\t<div class=\"elementor-post__text\">\r\n\t\t\t\t<span class=\"elementor-post__title\">, <\/span>\r\n\t\t\t\t<span class=\"dawg--sex\"><\/span>\r\n\t\t\t<\/div>\r\n\t\t<\/a>\r\n\t<\/div>\r\n<\/article><\/div>\n\t\t\t\t<\/div>\n\t\t\t\t<\/div>\n\t\t\t\t\t<\/div>\n\t\t<\/div>\n\t\t\t\t\t\t\t<\/div>\n\t\t<\/section>\n\t\t\t\t\t<\/div>\n\t\t<\/div>\n\t\t\t\t\t\t\t<\/div>\n\t\t<\/section>\n\t\t\t\t<section class=\"elementor-section elementor-top-section elementor-element elementor-element-d398628 elementor-section-full_width elementor-section-height-default elementor-section-height-default\" data-id=\"d398628\" data-element_type=\"section\">\n\t\t\t\t\t\t<div class=\"elementor-container elementor-column-gap-default\">\n\t\t\t\t\t<div class=\"elementor-column elementor-col-33 elementor-top-column elementor-element elementor-element-d0a0e5b\" data-id=\"d0a0e5b\" data-element_type=\"column\">\n\t\t\t<div class=\"elementor-widget-wrap\">\n\t\t\t\t\t\t\t\t\t<\/div>\n\t\t<\/div>\n\t\t\t\t<div class=\"elementor-column elementor-col-33 elementor-top-column elementor-element elementor-element-12aefc2\" data-id=\"12aefc2\" data-element_type=\"column\">\n\t\t\t<div class=\"elementor-widget-wrap elementor-element-populated\">\n\t\t\t\t\t\t\t\t<div class=\"elementor-element elementor-element-e98ab90 elementor-aspect-ratio-169 elementor-widget elementor-widget-video\" data-id=\"e98ab90\" data-element_type=\"widget\" data-settings=\"{&quot;youtube_url&quot;:&quot;https:\\\/\\\/youtu.be\\\/RtCfLUFx4Ig&quot;,&quot;video_type&quot;:&quot;youtube&quot;,&quot;controls&quot;:&quot;yes&quot;,&quot;aspect_ratio&quot;:&quot;169&quot;}\" data-widget_type=\"video.default\">\n\t\t\t\t<div class=\"elementor-widget-container\">\n\t\t\t\t\t<div class=\"elementor-wrapper elementor-fit-aspect-ratio elementor-open-inline\">\n\t\t\t<div class=\"elementor-video\"><\/div>\t\t<\/div>\n\t\t\t\t<\/div>\n\t\t\t\t<\/div>\n\t\t\t\t\t<\/div>\n\t\t<\/div>\n\t\t\t\t<div class=\"elementor-column elementor-col-33 elementor-top-column elementor-element elementor-element-fb32647\" data-id=\"fb32647\" data-element_type=\"column\">\n\t\t\t<div class=\"elementor-widget-wrap\">\n\t\t\t\t\t\t\t\t\t<\/div>\n\t\t<\/div>\n\t\t\t\t\t\t\t<\/div>\n\t\t<\/section>\n\t\t\t\t<section class=\"elementor-section elementor-top-section elementor-element elementor-element-2126438 centered-columns elementor-section-boxed elementor-section-height-default elementor-section-height-default\" data-id=\"2126438\" data-element_type=\"section\">\n\t\t\t\t\t\t<div class=\"elementor-container elementor-column-gap-no\">\n\t\t\t\t\t<div class=\"elementor-column elementor-col-33 elementor-top-column elementor-element elementor-element-393a234 dynamic-column-third animated-fast elementor-invisible\" data-id=\"393a234\" data-element_type=\"column\" data-settings=\"{&quot;background_background&quot;:&quot;classic&quot;,&quot;animation&quot;:&quot;fadeIn&quot;}\">\n\t\t\t<div class=\"elementor-widget-wrap elementor-element-populated\">\n\t\t\t\t\t\t\t\t<div class=\"elementor-element elementor-element-5a39467a elementor-view-default elementor-widget elementor-widget-icon\" data-id=\"5a39467a\" data-element_type=\"widget\" data-widget_type=\"icon.default\">\n\t\t\t\t<div class=\"elementor-widget-container\">\n\t\t\t\t\t<div class=\"elementor-icon-wrapper\">\n\t\t\t<div class=\"elementor-icon\">\n\t\t\t<i aria-hidden=\"true\" class=\"fas fa-bullseye\"><\/i>\t\t\t<\/div>\n\t\t<\/div>\n\t\t\t\t<\/div>\n\t\t\t\t<\/div>\n\t\t\t\t<div class=\"elementor-element elementor-element-5da71c4f elementor-widget elementor-widget-heading\" data-id=\"5da71c4f\" data-element_type=\"widget\" data-widget_type=\"heading.default\">\n\t\t\t\t<div class=\"elementor-widget-container\">\n\t\t\t<div class=\"elementor-heading-title elementor-size-default\">Entstehungsgeschichte <\/div>\t\t<\/div>\n\t\t\t\t<\/div>\n\t\t\t\t<div class=\"elementor-element elementor-element-47d1386b elementor-widget elementor-widget-text-editor\" data-id=\"47d1386b\" data-element_type=\"widget\" data-widget_type=\"text-editor.default\">\n\t\t\t\t<div class=\"elementor-widget-container\">\n\t\t\t\t\t\t\t<p>2004 kamen wir die Firma Casco als Investoren nach Rum\u00e4nien.<br \/>Von dem Problem mit Stra\u00dfenhunden hatten wir zwar im Vorhinein schon geh\u00f6rt, doch nun war es allgegenw\u00e4rtig und damit auch sofort Bestandteil des Alltags.\u00a0<\/p>\t\t\t\t\t\t<\/div>\n\t\t\t\t<\/div>\n\t\t\t\t\t<\/div>\n\t\t<\/div>\n\t\t\t\t<div class=\"elementor-column elementor-col-33 elementor-top-column elementor-element elementor-element-2b669a6 dynamic-column-third animated-fast elementor-invisible\" data-id=\"2b669a6\" data-element_type=\"column\" data-settings=\"{&quot;background_background&quot;:&quot;classic&quot;,&quot;animation&quot;:&quot;fadeIn&quot;,&quot;animation_delay&quot;:100}\">\n\t\t\t<div class=\"elementor-widget-wrap elementor-element-populated\">\n\t\t\t\t\t\t\t\t<div class=\"elementor-element elementor-element-7fefe011 elementor-view-default elementor-widget elementor-widget-icon\" data-id=\"7fefe011\" data-element_type=\"widget\" data-widget_type=\"icon.default\">\n\t\t\t\t<div class=\"elementor-widget-container\">\n\t\t\t\t\t<div class=\"elementor-icon-wrapper\">\n\t\t\t<div class=\"elementor-icon\">\n\t\t\t<i aria-hidden=\"true\" class=\"fas fa-bullseye\"><\/i>\t\t\t<\/div>\n\t\t<\/div>\n\t\t\t\t<\/div>\n\t\t\t\t<\/div>\n\t\t\t\t<div class=\"elementor-element elementor-element-6b1a8b6e elementor-widget elementor-widget-heading\" data-id=\"6b1a8b6e\" data-element_type=\"widget\" data-widget_type=\"heading.default\">\n\t\t\t\t<div class=\"elementor-widget-container\">\n\t\t\t<div class=\"elementor-heading-title elementor-size-default\">Eigeninitiative<\/div>\t\t<\/div>\n\t\t\t\t<\/div>\n\t\t\t\t<div class=\"elementor-element elementor-element-542aac42 elementor-widget elementor-widget-text-editor\" data-id=\"542aac42\" data-element_type=\"widget\" data-widget_type=\"text-editor.default\">\n\t\t\t\t<div class=\"elementor-widget-container\">\n\t\t\t\t\t\t\t<p>W\u00e4hrend des Baus unserer Fertigungshalle in Satu Mare brachte die Hundedame Linda ihre 5 Welpen direkt auf der Baustelle zur Welt. Das war unser Schl\u00fcsselerlebnis!<\/p>\t\t\t\t\t\t<\/div>\n\t\t\t\t<\/div>\n\t\t\t\t\t<\/div>\n\t\t<\/div>\n\t\t\t\t<div class=\"elementor-column elementor-col-33 elementor-top-column elementor-element elementor-element-4fbe6873 dynamic-column-third animated-fast elementor-invisible\" data-id=\"4fbe6873\" data-element_type=\"column\" data-settings=\"{&quot;background_background&quot;:&quot;classic&quot;,&quot;animation&quot;:&quot;fadeIn&quot;,&quot;animation_delay&quot;:200}\">\n\t\t\t<div class=\"elementor-widget-wrap elementor-element-populated\">\n\t\t\t\t\t\t\t\t<div class=\"elementor-element elementor-element-12f190f3 elementor-view-default elementor-widget elementor-widget-icon\" data-id=\"12f190f3\" data-element_type=\"widget\" data-widget_type=\"icon.default\">\n\t\t\t\t<div class=\"elementor-widget-container\">\n\t\t\t\t\t<div class=\"elementor-icon-wrapper\">\n\t\t\t<div class=\"elementor-icon\">\n\t\t\t<i aria-hidden=\"true\" class=\"fas fa-bullseye\"><\/i>\t\t\t<\/div>\n\t\t<\/div>\n\t\t\t\t<\/div>\n\t\t\t\t<\/div>\n\t\t\t\t<div class=\"elementor-element elementor-element-ca6f4cc elementor-widget elementor-widget-heading\" data-id=\"ca6f4cc\" data-element_type=\"widget\" data-widget_type=\"heading.default\">\n\t\t\t\t<div class=\"elementor-widget-container\">\n\t\t\t<div class=\"elementor-heading-title elementor-size-default\">Tierliebe <\/div>\t\t<\/div>\n\t\t\t\t<\/div>\n\t\t\t\t<div class=\"elementor-element elementor-element-32acdd3 elementor-widget elementor-widget-text-editor\" data-id=\"32acdd3\" data-element_type=\"widget\" data-widget_type=\"text-editor.default\">\n\t\t\t\t<div class=\"elementor-widget-container\">\n\t\t\t\t\t\t\t<p>Mehr und mehr verst\u00e4rkte sich bei uns der Wunsch, den Tieren zu helfen und ihnen ein angemessenes Leben zu erm\u00f6glichen. Daf\u00fcr war allerdings einiges notwendig &#8230;<\/p>\t\t\t\t\t\t<\/div>\n\t\t\t\t<\/div>\n\t\t\t\t\t<\/div>\n\t\t<\/div>\n\t\t\t\t\t\t\t<\/div>\n\t\t<\/section>\n\t\t\t\t<section class=\"elementor-section elementor-top-section elementor-element elementor-element-8565999 elementor-section-boxed elementor-section-height-default elementor-section-height-default\" data-id=\"8565999\" data-element_type=\"section\">\n\t\t\t\t\t\t<div class=\"elementor-container elementor-column-gap-default\">\n\t\t\t\t\t<div class=\"elementor-column elementor-col-100 elementor-top-column elementor-element elementor-element-eb22472\" data-id=\"eb22472\" data-element_type=\"column\">\n\t\t\t<div class=\"elementor-widget-wrap elementor-element-populated\">\n\t\t\t\t\t\t\t\t<section class=\"elementor-section elementor-inner-section elementor-element elementor-element-68f48391 elementor-section-boxed elementor-section-height-default elementor-section-height-default\" data-id=\"68f48391\" data-element_type=\"section\">\n\t\t\t\t\t\t<div class=\"elementor-container elementor-column-gap-default\">\n\t\t\t\t\t<div class=\"elementor-column elementor-col-100 elementor-inner-column elementor-element elementor-element-36b1e95b\" data-id=\"36b1e95b\" data-element_type=\"column\">\n\t\t\t<div class=\"elementor-widget-wrap elementor-element-populated\">\n\t\t\t\t\t\t\t\t<div class=\"elementor-element elementor-element-6afb662e animated-fast elementor-invisible elementor-widget elementor-widget-heading\" data-id=\"6afb662e\" data-element_type=\"widget\" data-settings=\"{&quot;_animation&quot;:&quot;fadeInUp&quot;}\" data-widget_type=\"heading.default\">\n\t\t\t\t<div class=\"elementor-widget-container\">\n\t\t\t<h3 class=\"elementor-heading-title elementor-size-default\">ERSTE SCHRITTE<\/h3>\t\t<\/div>\n\t\t\t\t<\/div>\n\t\t\t\t<div class=\"elementor-element elementor-element-7a42ccf0 animated-fast elementor-invisible elementor-widget elementor-widget-text-editor\" data-id=\"7a42ccf0\" data-element_type=\"widget\" data-settings=\"{&quot;_animation&quot;:&quot;fadeInUp&quot;,&quot;_animation_delay&quot;:100}\" data-widget_type=\"text-editor.default\">\n\t\t\t\t<div class=\"elementor-widget-container\">\n\t\t\t\t\t\t\t<p>Auf dem Firmengel\u00e4nde von Casco errichteten wir eine erste Infrastruktur \u2013 ein Tierheim mit Stallanlagen, die mit Infrarotheizungen ausgestattet wurden und zun\u00e4chst 75 Hunden Platz gaben. Inzwischen wurden die Anlagen erweitert und es ist Platz f\u00fcr \u00fcber 200 Hunde. Versorgungsstation, Tierarztraum, Lagerraum und sanit\u00e4re Einrichtungen komplettieren die Anlage. 4 Hektar eingez\u00e4unten Landes bieten den Tieren gen\u00fcgend Auslauf. Die Nahrungsversorgung wird durch den Import von Tiernahrung aus Deutschland sichergestellt. Zudem wurden Vollzeit-Arbeitskr\u00e4fte eingesetzt, die die Hunde betreuen, f\u00fcttern und pflegen.&nbsp;<\/p>\t\t\t\t\t\t<\/div>\n\t\t\t\t<\/div>\n\t\t\t\t<div class=\"elementor-element elementor-element-6a0cddf elementor-align-center elementor-widget elementor-widget-button\" data-id=\"6a0cddf\" data-element_type=\"widget\" data-widget_type=\"button.default\">\n\t\t\t\t<div class=\"elementor-widget-container\">\n\t\t\t\t\t<div class=\"elementor-button-wrapper\">\n\t\t\t<a href=\"https:\/\/112fuertiere.org\/?page_id=7\" class=\"elementor-button-link elementor-button elementor-size-sm\" role=\"button\">\n\t\t\t\t\t\t<span class=\"elementor-button-content-wrapper\">\n\t\t\t\t\t\t<span class=\"elementor-button-text\">Unser Tierheim<\/span>\n\t\t<\/span>\n\t\t\t\t\t<\/a>\n\t\t<\/div>\n\t\t\t\t<\/div>\n\t\t\t\t<\/div>\n\t\t\t\t<div class=\"elementor-element elementor-element-f7f9c0d elementor-widget elementor-widget-spacer\" data-id=\"f7f9c0d\" data-element_type=\"widget\" data-widget_type=\"spacer.default\">\n\t\t\t\t<div class=\"elementor-widget-container\">\n\t\t\t\t\t<div class=\"elementor-spacer\">\n\t\t\t<div class=\"elementor-spacer-inner\"><\/div>\n\t\t<\/div>\n\t\t\t\t<\/div>\n\t\t\t\t<\/div>\n\t\t\t\t\t<\/div>\n\t\t<\/div>\n\t\t\t\t\t\t\t<\/div>\n\t\t<\/section>\n\t\t\t\t\t<\/div>\n\t\t<\/div>\n\t\t\t\t\t\t\t<\/div>\n\t\t<\/section>\n\t\t\t\t\t\t<\/div>\n\t\t\t\t\t<\/div>\n\t\t","protected":false},"excerpt":{"rendered":"<p class=\"excerpt\">Willkommen bei 112 F\u00fcr Tiere Wir sind ein ehrenamtliches Tierheim, das sich f\u00fcr das Wohl der Stra\u00dfenhunde in Satu Mare, Rum\u00e4nien einsetzt. Bis jetzt haben wir schon viele Hunde vermitteln k\u00f6nnen, haupts\u00e4chlich nach Deutschland, \u00d6sterreich und Niederlande. Bei uns werden alle Tiere tier\u00e4rztlich versorgt, gechippt, geimpft und verf\u00fcgen \u00fcber einen EU Heimtierausweis. Das Wohl der [&hellip;]<\/p>\n","protected":false},"author":1,"featured_media":0,"parent":0,"menu_order":0,"comment_status":"closed","ping_status":"closed","template":"template-blank.php","meta":{"inline_featured_image":false},"_links":{"self":[{"href":"https:\/\/112fuertiere.org\/index.php?rest_route=\/wp\/v2\/pages\/10"}],"collection":[{"href":"https:\/\/112fuertiere.org\/index.php?rest_route=\/wp\/v2\/pages"}],"about":[{"href":"https:\/\/112fuertiere.org\/index.php?rest_route=\/wp\/v2\/types\/page"}],"author":[{"embeddable":true,"href":"https:\/\/112fuertiere.org\/index.php?rest_route=\/wp\/v2\/users\/1"}],"replies":[{"embeddable":true,"href":"https:\/\/112fuertiere.org\/index.php?rest_route=%2Fwp%2Fv2%2Fcomments&post=10"}],"version-history":[{"count":116,"href":"https:\/\/112fuertiere.org\/index.php?rest_route=\/wp\/v2\/pages\/10\/revisions"}],"predecessor-version":[{"id":4142,"href":"https:\/\/112fuertiere.org\/index.php?rest_route=\/wp\/v2\/pages\/10\/revisions\/4142"}],"wp:attachment":[{"href":"https:\/\/112fuertiere.org\/index.php?rest_route=%2Fwp%2Fv2%2Fmedia&parent=10"}],"curies":[{"name":"wp","href":"https:\/\/api.w.org\/{rel}","templated":true}]}}