{"id":17,"date":"2012-01-15T12:35:10","date_gmt":"2012-01-15T12:35:10","guid":{"rendered":"http:\/\/view-full-site-wordpress-responsive-theme.wpstall.com\/?page_id=17"},"modified":"2024-09-30T06:18:35","modified_gmt":"2024-09-30T06:18:35","slug":"contact","status":"publish","type":"page","link":"https:\/\/112fuertiere.org\/?page_id=17","title":{"rendered":"Kontakt"},"content":{"rendered":"<p style=\"text-align: center;\">\u00dcber diese Adressen k\u00f6nnen Sie mit uns in Kontakt treten:<\/p>\n<p style=\"text-align: center;\"><strong>Tierschutzverein 112 f\u00fcr tiere<\/strong><\/p>\n<p style=\"text-align: center;\">Satu Mare, Rum\u00e4nien<\/p>\n<p style=\"text-align: center;\">Ansprechpartner: Judit Krauter<\/p>\n<p style=\"text-align: center;\">Tel: +40 (730) 113 077<\/p>\n<p style=\"text-align: center;\">Mail:\u00a0<\/p>\n<h2>\u00a0<\/h2>\n\n<div class=\"wpforms-container wpforms-container-full wpforms-block\" id=\"wpforms-3542\"><form id=\"wpforms-form-3542\" class=\"wpforms-validate wpforms-form\" data-formid=\"3542\" method=\"post\" enctype=\"multipart\/form-data\" action=\"\/index.php?rest_route=%2Fwp%2Fv2%2Fpages%2F17\" data-token=\"fda9ad8c37f0c9173e6ec0156c0ab5c0\" data-token-time=\"1777519870\"><noscript class=\"wpforms-error-noscript\">Please enable JavaScript in your browser to complete this form.<\/noscript><div class=\"wpforms-field-container\"><div id=\"wpforms-3542-field_0-container\" class=\"wpforms-field wpforms-field-name\" data-field-id=\"0\"><label class=\"wpforms-field-label\">Name <span class=\"wpforms-required-label\">*<\/span><\/label><div class=\"wpforms-field-row wpforms-field-medium\"><div class=\"wpforms-field-row-block wpforms-first wpforms-one-half\"><input type=\"text\" id=\"wpforms-3542-field_0\" class=\"wpforms-field-name-first wpforms-field-required\" name=\"wpforms[fields][0][first]\" required><label for=\"wpforms-3542-field_0\" class=\"wpforms-field-sublabel after\">First<\/label><\/div><div class=\"wpforms-field-row-block wpforms-one-half\"><input type=\"text\" id=\"wpforms-3542-field_0-last\" class=\"wpforms-field-name-last wpforms-field-required\" name=\"wpforms[fields][0][last]\" required><label for=\"wpforms-3542-field_0-last\" class=\"wpforms-field-sublabel after\">Last<\/label><\/div><\/div><\/div><div id=\"wpforms-3542-field_1-container\" class=\"wpforms-field wpforms-field-email\" data-field-id=\"1\"><label class=\"wpforms-field-label\" for=\"wpforms-3542-field_1\">Email <span class=\"wpforms-required-label\">*<\/span><\/label><input type=\"email\" id=\"wpforms-3542-field_1\" class=\"wpforms-field-medium wpforms-field-required\" name=\"wpforms[fields][1]\" spellcheck=\"false\" required><\/div><div id=\"wpforms-3542-field_2-container\" class=\"wpforms-field wpforms-field-textarea\" data-field-id=\"2\"><label class=\"wpforms-field-label\" for=\"wpforms-3542-field_2\">Nachricht <span class=\"wpforms-required-label\">*<\/span><\/label><textarea id=\"wpforms-3542-field_2\" class=\"wpforms-field-medium wpforms-field-required\" name=\"wpforms[fields][2]\" required><\/textarea><\/div><\/div><!-- .wpforms-field-container --><div class=\"wpforms-submit-container\" ><input type=\"hidden\" name=\"wpforms[id]\" value=\"3542\"><input type=\"hidden\" name=\"page_title\" value=\"\"><input type=\"hidden\" name=\"page_url\" value=\"https:\/\/112fuertiere.org\/index.php?rest_route=\/wp\/v2\/pages\/17\"><input type=\"hidden\" name=\"url_referer\" value=\"\"><button type=\"submit\" name=\"wpforms[submit]\" id=\"wpforms-submit-3542\" class=\"wpforms-submit\" data-alt-text=\"Senden...\" data-submit-text=\"Senden\" aria-live=\"assertive\" value=\"wpforms-submit\">Senden<\/button><\/div><\/form><\/div>  <!-- .wpforms-container -->","protected":false},"excerpt":{"rendered":"<p class=\"excerpt\">\u00dcber diese Adressen k\u00f6nnen Sie mit uns in Kontakt treten: Tierschutzverein 112 f\u00fcr tiere Satu Mare, Rum\u00e4nien Ansprechpartner: Judit Krauter Tel: +40 (730) 113 077 Mail:\u00a0 \u00a0<\/p>\n","protected":false},"author":1,"featured_media":0,"parent":0,"menu_order":0,"comment_status":"closed","ping_status":"closed","template":"","meta":{"inline_featured_image":false},"_links":{"self":[{"href":"https:\/\/112fuertiere.org\/index.php?rest_route=\/wp\/v2\/pages\/17"}],"collection":[{"href":"https:\/\/112fuertiere.org\/index.php?rest_route=\/wp\/v2\/pages"}],"about":[{"href":"https:\/\/112fuertiere.org\/index.php?rest_route=\/wp\/v2\/types\/page"}],"author":[{"embeddable":true,"href":"https:\/\/112fuertiere.org\/index.php?rest_route=\/wp\/v2\/users\/1"}],"replies":[{"embeddable":true,"href":"https:\/\/112fuertiere.org\/index.php?rest_route=%2Fwp%2Fv2%2Fcomments&post=17"}],"version-history":[{"count":22,"href":"https:\/\/112fuertiere.org\/index.php?rest_route=\/wp\/v2\/pages\/17\/revisions"}],"predecessor-version":[{"id":4217,"href":"https:\/\/112fuertiere.org\/index.php?rest_route=\/wp\/v2\/pages\/17\/revisions\/4217"}],"wp:attachment":[{"href":"https:\/\/112fuertiere.org\/index.php?rest_route=%2Fwp%2Fv2%2Fmedia&parent=17"}],"curies":[{"name":"wp","href":"https:\/\/api.w.org\/{rel}","templated":true}]}}